{"id":439,"date":"2017-03-07T11:40:45","date_gmt":"2017-03-07T11:40:45","guid":{"rendered":"http:\/\/formaciononline.nccextremadura.org\/web\/?page_id=439"},"modified":"2017-03-07T11:52:38","modified_gmt":"2017-03-07T11:52:38","slug":"cultura-emprendedora","status":"publish","type":"page","link":"https:\/\/formaciononline.espaciosdigitalex.org\/web\/cultura-emprendedora\/","title":{"rendered":"Cultura emprendedora"},"content":{"rendered":"<div id=\"pl-439\"  class=\"panel-layout\" ><div id=\"pg-439-0\"  class=\"panel-grid panel-has-style\" ><div class=\"siteorigin-panels-stretch panel-row-style panel-row-style-for-439-0\" data-stretch-type=\"full-stretched\" ><div id=\"pgc-439-0-0\"  class=\"panel-grid-cell\" ><div id=\"panel-439-0-0-0\" class=\"so-panel widget widget_sow-editor panel-first-child panel-last-child\" data-index=\"0\" ><div\n\t\t\t\n\t\t\tclass=\"so-widget-sow-editor so-widget-sow-editor-base\"\n\t\t\t\n\t\t>\n<div class=\"siteorigin-widget-tinymce textwidget\">\n\t<h3 style=\"text-align: center;\">S\u00f3lo para docentes participantes en el Programa \"Cultura Emprendedora\": JuniorEmprende, TeenEmprende y ExpertEmprende<\/h3>\n<\/div>\n<\/div><\/div><\/div><\/div><\/div><div id=\"pg-439-1\"  class=\"panel-grid panel-has-style\" ><div class=\"siteorigin-panels-stretch panel-row-style panel-row-style-for-439-1\" data-stretch-type=\"full\" ><div id=\"pgc-439-1-0\"  class=\"panel-grid-cell\" ><div id=\"panel-439-1-0-0\" class=\"so-panel widget widget_sow-image panel-first-child\" data-index=\"1\" ><div\n\t\t\t\n\t\t\tclass=\"so-widget-sow-image so-widget-sow-image-default-8b5b6f678277-439\"\n\t\t\t\n\t\t>\n<div class=\"sow-image-container\">\n\t\t<img fetchpriority=\"high\" \n\tsrc=\"https:\/\/formaciononline.espaciosdigitalex.org\/web\/wp-content\/uploads\/2016\/03\/fonline_cabecera_googleapps.png\" width=\"1656\" height=\"440\" srcset=\"https:\/\/formaciononline.espaciosdigitalex.org\/web\/wp-content\/uploads\/2016\/03\/fonline_cabecera_googleapps.png 1656w, https:\/\/formaciononline.espaciosdigitalex.org\/web\/wp-content\/uploads\/2016\/03\/fonline_cabecera_googleapps-300x80.png 300w, https:\/\/formaciononline.espaciosdigitalex.org\/web\/wp-content\/uploads\/2016\/03\/fonline_cabecera_googleapps-768x204.png 768w, https:\/\/formaciononline.espaciosdigitalex.org\/web\/wp-content\/uploads\/2016\/03\/fonline_cabecera_googleapps-1024x272.png 1024w\" sizes=\"(max-width: 1656px) 100vw, 1656px\" alt=\"\" \t\tclass=\"so-widget-image\"\/>\n\t<\/div>\n\n<\/div><\/div><div id=\"panel-439-1-0-1\" class=\"so-panel widget widget_sow-editor\" data-index=\"2\" ><div class=\"panel-widget-style panel-widget-style-for-439-1-0-1\" ><div\n\t\t\t\n\t\t\tclass=\"so-widget-sow-editor so-widget-sow-editor-base\"\n\t\t\t\n\t\t>\n<div class=\"siteorigin-widget-tinymce textwidget\">\n\t<h1><span style=\"color: #000000;\">Aplicaciones en la nube: Google Apps<br \/><\/span><\/h1>\n<p>La inmersi\u00f3n de la vida diaria en el entorno de las Tecnolog\u00edas de la Informaci\u00f3n y la Comunicaci\u00f3n (TIC) ha transformado en profundidad acciones como la comunicaci\u00f3n, el aprendizaje, la generaci\u00f3n de contenidos, el intercambio de \u00e9stos -de todo tipo-, las relaciones personales, las profesionales... todo ello, debido en parte a una inabarcable lista de herramientas, metodolog\u00edas y recuros que aparecen constantemente.<br \/> A lo largo de este curso de 30 horas lectivas, los alumnos tendr\u00e1n la oportunidad de comprobar cu\u00e1les son las capacidades de las herramientas descritas en \u00e9l. Desde las m\u00e1s usuales -Google Drive- que permiten la gesti\u00f3n documental m\u00e1s b\u00e1sica, la capacidad para compartir y la posibilidad para hacer uso de ellas con dispositivos m\u00f3viles, hasta otras tambi\u00e9n comunes y casi de uso cotidiano como Dropbox.<\/p>\n<p>\u00a0<\/p>\n<\/div>\n<\/div><\/div><\/div><div id=\"panel-439-1-0-2\" class=\"so-panel widget widget_sow-editor\" data-index=\"3\" ><div class=\"panel-widget-style panel-widget-style-for-439-1-0-2\" ><div\n\t\t\t\n\t\t\tclass=\"so-widget-sow-editor so-widget-sow-editor-base\"\n\t\t\t\n\t\t>\n<div class=\"siteorigin-widget-tinymce textwidget\">\n\t<h5>29\u00a0de marzo al 19 de mayo<\/h5>\n<\/div>\n<\/div><\/div><\/div><div id=\"panel-439-1-0-3\" class=\"so-panel widget widget_sow-button panel-last-child\" data-index=\"4\" ><div\n\t\t\t\n\t\t\tclass=\"so-widget-sow-button so-widget-sow-button-wire-2cfc30c770ff-439\"\n\t\t\t\n\t\t><div class=\"ow-button-base ow-button-align-left\"\n>\n\t\t\t<a\n\t\t\t\t\thref=\"https:\/\/formaciononline.espaciosdigitalex.org\/web\/cultura-emprendedora\/cultura-emprendedora-aplicaciones-en-la-nube-google-apps\/\"\n\t\t\t\t\tclass=\"sowb-button ow-icon-placement-left ow-button-hover\" \t>\n\t\t<span>\n\t\t\t\n\t\t\t+ informaci\u00f3n\t\t<\/span>\n\t\t\t<\/a>\n\t<\/div>\n<\/div><\/div><\/div><div id=\"pgc-439-1-1\"  class=\"panel-grid-cell\" ><div id=\"panel-439-1-1-0\" class=\"so-panel widget widget_sow-image panel-first-child\" data-index=\"5\" ><div\n\t\t\t\n\t\t\tclass=\"so-widget-sow-image so-widget-sow-image-default-8b5b6f678277-439\"\n\t\t\t\n\t\t>\n<div class=\"sow-image-container\">\n\t\t<img \n\tsrc=\"https:\/\/formaciononline.espaciosdigitalex.org\/web\/wp-content\/uploads\/2016\/03\/fonline_cabecera_rrss.png\" width=\"1656\" height=\"440\" srcset=\"https:\/\/formaciononline.espaciosdigitalex.org\/web\/wp-content\/uploads\/2016\/03\/fonline_cabecera_rrss.png 1656w, https:\/\/formaciononline.espaciosdigitalex.org\/web\/wp-content\/uploads\/2016\/03\/fonline_cabecera_rrss-300x80.png 300w, https:\/\/formaciononline.espaciosdigitalex.org\/web\/wp-content\/uploads\/2016\/03\/fonline_cabecera_rrss-768x204.png 768w, https:\/\/formaciononline.espaciosdigitalex.org\/web\/wp-content\/uploads\/2016\/03\/fonline_cabecera_rrss-1024x272.png 1024w\" sizes=\"(max-width: 1656px) 100vw, 1656px\" alt=\"\" \t\tclass=\"so-widget-image\"\/>\n\t<\/div>\n\n<\/div><\/div><div id=\"panel-439-1-1-1\" class=\"so-panel widget widget_sow-editor\" data-index=\"6\" ><div class=\"panel-widget-style panel-widget-style-for-439-1-1-1\" ><div\n\t\t\t\n\t\t\tclass=\"so-widget-sow-editor so-widget-sow-editor-base\"\n\t\t\t\n\t\t>\n<div class=\"siteorigin-widget-tinymce textwidget\">\n\t<h1><span style=\"color: #000000;\">Redes sociales: facebook, twitter, youtube, flickr<br \/><\/span><\/h1>\n<p align=\"JUSTIFY\">Las redes sociales, que forman parte ineludible en los procesos de comunicaci\u00f3n interpersonal, se han convertido en un instrumento muy \u00fatil que trasciende d\u00eda a d\u00eda sus posibilidades, constituyendo un elemento de participaci\u00f3n y activismo social sin precedentes. Han dejado de ser, por tanto, un \u00e1mbito reducido para el ocio y el entretenimiento y han trasladado su influencia a otros espacios como el empleo, la generaci\u00f3n de contenidos y de opini\u00f3n, la influencia pol\u00edtica, la promoci\u00f3n, el apoyo a empresas y emprendedores...<br \/> Siendo pues tan amplia e impredecible su evoluci\u00f3n y su aplicabilidad, se hace necesario conocer sus caracter\u00edsticas, naturaleza y uso en este breve curso de 30 horas lectivas.<\/p>\n<\/div>\n<\/div><\/div><\/div><div id=\"panel-439-1-1-2\" class=\"so-panel widget widget_sow-editor\" data-index=\"7\" ><div class=\"panel-widget-style panel-widget-style-for-439-1-1-2\" ><div\n\t\t\t\n\t\t\tclass=\"so-widget-sow-editor so-widget-sow-editor-base\"\n\t\t\t\n\t\t>\n<div class=\"siteorigin-widget-tinymce textwidget\">\n\t<h5>29\u00a0de marzo al 19 de mayo<\/h5>\n<\/div>\n<\/div><\/div><\/div><div id=\"panel-439-1-1-3\" class=\"so-panel widget widget_sow-button panel-last-child\" data-index=\"8\" ><div\n\t\t\t\n\t\t\tclass=\"so-widget-sow-button so-widget-sow-button-wire-2cfc30c770ff-439\"\n\t\t\t\n\t\t><div class=\"ow-button-base ow-button-align-left\"\n>\n\t\t\t<a\n\t\t\t\t\thref=\"https:\/\/formaciononline.espaciosdigitalex.org\/web\/cultura-emprendedora\/cultura-emprendedora-redes-sociales-facebook-twitter-youtube-flickr\/\"\n\t\t\t\t\tclass=\"sowb-button ow-icon-placement-left ow-button-hover\" \t>\n\t\t<span>\n\t\t\t\n\t\t\t+ informaci\u00f3n\t\t<\/span>\n\t\t\t<\/a>\n\t<\/div>\n<\/div><\/div><\/div><\/div><\/div><div id=\"pg-439-2\"  class=\"panel-grid panel-has-style\" ><div class=\"siteorigin-panels-stretch panel-row-style panel-row-style-for-439-2\" data-stretch-type=\"full\" ><div id=\"pgc-439-2-0\"  class=\"panel-grid-cell panel-grid-cell-mobile-last\" ><div id=\"panel-439-2-0-0\" class=\"so-panel widget widget_sow-image panel-first-child\" data-index=\"9\" ><div\n\t\t\t\n\t\t\tclass=\"so-widget-sow-image so-widget-sow-image-default-8b5b6f678277-439\"\n\t\t\t\n\t\t>\n<div class=\"sow-image-container\">\n\t\t<img \n\tsrc=\"https:\/\/formaciononline.espaciosdigitalex.org\/web\/wp-content\/uploads\/2016\/04\/fonline_cabecera_web.png\" width=\"1656\" height=\"440\" srcset=\"https:\/\/formaciononline.espaciosdigitalex.org\/web\/wp-content\/uploads\/2016\/04\/fonline_cabecera_web.png 1656w, https:\/\/formaciononline.espaciosdigitalex.org\/web\/wp-content\/uploads\/2016\/04\/fonline_cabecera_web-300x80.png 300w, https:\/\/formaciononline.espaciosdigitalex.org\/web\/wp-content\/uploads\/2016\/04\/fonline_cabecera_web-768x204.png 768w, https:\/\/formaciononline.espaciosdigitalex.org\/web\/wp-content\/uploads\/2016\/04\/fonline_cabecera_web-1024x272.png 1024w\" sizes=\"(max-width: 1656px) 100vw, 1656px\" alt=\"\" \t\tclass=\"so-widget-image\"\/>\n\t<\/div>\n\n<\/div><\/div><div id=\"panel-439-2-0-1\" class=\"so-panel widget widget_sow-editor\" data-index=\"10\" ><div class=\"panel-widget-style panel-widget-style-for-439-2-0-1\" ><div\n\t\t\t\n\t\t\tclass=\"so-widget-sow-editor so-widget-sow-editor-base\"\n\t\t\t\n\t\t>\n<div class=\"siteorigin-widget-tinymce textwidget\">\n\t<h1><span style=\"color: #000000;\">WordPress<\/span><\/h1>\n<p>Hoy d\u00eda, el protagonista absoluto de Internet es el usuario. El internauta produce, consume y comparte todo tipo de contenidos (textos, fotograf\u00edas, v\u00eddeos, audios, enlaces, comentarios, estados vitales, etc.) M\u00e1s all\u00e1 de los avances t\u00e9cnicos, la principal diferencia de la situaci\u00f3n actual de la Red con respecto a su estado hace unos a\u00f1os es que ahora, cada ciudadano es parte fundamental de la Sociedad de la Informaci\u00f3n.<br \/> En la Web 2.0 el usuario abandona su papel pasivo, como mero consumidor de contenidos y se conecta para crear y compartir dichos contenidos.<br \/> El objetivo de este curso de 30 horas lectivas es adquirir los conceptos b\u00e1sicos para ser capaces de crear una web desde cero y configurar sus principales opciones utilizando wordpress.com, as\u00ed como entender la importancia que hoy en d\u00eda tiene nuestra presencia en la Red y el saber c\u00f3mo desenvolverse en lo que se refiere a la creaci\u00f3n de contenido y el papel de \u201cprosumidor\u201d que cualquiera puede tener en Internet.<\/p>\n<\/div>\n<\/div><\/div><\/div><div id=\"panel-439-2-0-2\" class=\"so-panel widget widget_sow-editor\" data-index=\"11\" ><div class=\"panel-widget-style panel-widget-style-for-439-2-0-2\" ><div\n\t\t\t\n\t\t\tclass=\"so-widget-sow-editor so-widget-sow-editor-base\"\n\t\t\t\n\t\t>\n<div class=\"siteorigin-widget-tinymce textwidget\">\n\t<h5>29 de marzo al 19\u00a0de mayo<\/h5>\n<\/div>\n<\/div><\/div><\/div><div id=\"panel-439-2-0-3\" class=\"so-panel widget widget_sow-button panel-last-child\" data-index=\"12\" ><div\n\t\t\t\n\t\t\tclass=\"so-widget-sow-button so-widget-sow-button-wire-2cfc30c770ff-439\"\n\t\t\t\n\t\t><div class=\"ow-button-base ow-button-align-left\"\n>\n\t\t\t<a\n\t\t\t\t\thref=\"https:\/\/formaciononline.espaciosdigitalex.org\/web\/cultura-emprendedora\/cultura-emprendedora-wordpress\/\"\n\t\t\t\t\tclass=\"sowb-button ow-icon-placement-left ow-button-hover\" \t>\n\t\t<span>\n\t\t\t\n\t\t\t+ informaci\u00f3n\t\t<\/span>\n\t\t\t<\/a>\n\t<\/div>\n<\/div><\/div><\/div><div id=\"pgc-439-2-1\"  class=\"panel-grid-cell panel-grid-cell-empty\" ><\/div><\/div><\/div><\/div>","protected":false},"excerpt":{"rendered":"<p>S\u00f3lo para docentes participantes en el Programa \u00abCultura Emprendedora\u00bb: JuniorEmprende, TeenEmprende y ExpertEmprende Aplicaciones en la nube: Google AppsLa inmersi\u00f3n de la vida diaria en el entorno de las Tecnolog\u00edas de la Informaci\u00f3n y la Comunicaci\u00f3n (TIC) ha transformado en profundidad acciones como la comunicaci\u00f3n, el aprendizaje, la generaci\u00f3n de contenidos, el intercambio de \u00e9stos [&hellip;]<\/p>\n","protected":false},"author":3,"featured_media":0,"parent":0,"menu_order":0,"comment_status":"closed","ping_status":"open","template":"templates\/template-full-notitle.php","meta":{"site-sidebar-layout":"default","site-content-layout":"","ast-site-content-layout":"default","site-content-style":"default","site-sidebar-style":"default","ast-global-header-display":"","ast-banner-title-visibility":"","ast-main-header-display":"","ast-hfb-above-header-display":"","ast-hfb-below-header-display":"","ast-hfb-mobile-header-display":"","site-post-title":"","ast-breadcrumbs-content":"","ast-featured-img":"","footer-sml-layout":"","ast-disable-related-posts":"","theme-transparent-header-meta":"","adv-header-id-meta":"","stick-header-meta":"","header-above-stick-meta":"","header-main-stick-meta":"","header-below-stick-meta":"","astra-migrate-meta-layouts":"default","ast-page-background-enabled":"default","ast-page-background-meta":{"desktop":{"background-color":"","background-image":"","background-repeat":"repeat","background-position":"center center","background-size":"auto","background-attachment":"scroll","background-type":"","background-media":"","overlay-type":"","overlay-color":"","overlay-opacity":"","overlay-gradient":""},"tablet":{"background-color":"","background-image":"","background-repeat":"repeat","background-position":"center center","background-size":"auto","background-attachment":"scroll","background-type":"","background-media":"","overlay-type":"","overlay-color":"","overlay-opacity":"","overlay-gradient":""},"mobile":{"background-color":"","background-image":"","background-repeat":"repeat","background-position":"center center","background-size":"auto","background-attachment":"scroll","background-type":"","background-media":"","overlay-type":"","overlay-color":"","overlay-opacity":"","overlay-gradient":""}},"ast-content-background-meta":{"desktop":{"background-color":"var(--ast-global-color-5)","background-image":"","background-repeat":"repeat","background-position":"center center","background-size":"auto","background-attachment":"scroll","background-type":"","background-media":"","overlay-type":"","overlay-color":"","overlay-opacity":"","overlay-gradient":""},"tablet":{"background-color":"var(--ast-global-color-5)","background-image":"","background-repeat":"repeat","background-position":"center center","background-size":"auto","background-attachment":"scroll","background-type":"","background-media":"","overlay-type":"","overlay-color":"","overlay-opacity":"","overlay-gradient":""},"mobile":{"background-color":"var(--ast-global-color-5)","background-image":"","background-repeat":"repeat","background-position":"center center","background-size":"auto","background-attachment":"scroll","background-type":"","background-media":"","overlay-type":"","overlay-color":"","overlay-opacity":"","overlay-gradient":""}},"slim_seo":{"title":"Cultura emprendedora - Formaci\u00f3n Online","description":"Plazas agotadas Aplicaciones en la nube: Google Apps La inmersi\u00f3n de la vida diaria en el entorno de las Tecnolog\u00edas de la Informaci\u00f3n y la Comunicaci\u00f3n (TIC) h"},"footnotes":""},"class_list":["post-439","page","type-page","status-publish","hentry"],"_links":{"self":[{"href":"https:\/\/formaciononline.espaciosdigitalex.org\/web\/wp-json\/wp\/v2\/pages\/439","targetHints":{"allow":["GET"]}}],"collection":[{"href":"https:\/\/formaciononline.espaciosdigitalex.org\/web\/wp-json\/wp\/v2\/pages"}],"about":[{"href":"https:\/\/formaciononline.espaciosdigitalex.org\/web\/wp-json\/wp\/v2\/types\/page"}],"author":[{"embeddable":true,"href":"https:\/\/formaciononline.espaciosdigitalex.org\/web\/wp-json\/wp\/v2\/users\/3"}],"replies":[{"embeddable":true,"href":"https:\/\/formaciononline.espaciosdigitalex.org\/web\/wp-json\/wp\/v2\/comments?post=439"}],"version-history":[{"count":2,"href":"https:\/\/formaciononline.espaciosdigitalex.org\/web\/wp-json\/wp\/v2\/pages\/439\/revisions"}],"predecessor-version":[{"id":443,"href":"https:\/\/formaciononline.espaciosdigitalex.org\/web\/wp-json\/wp\/v2\/pages\/439\/revisions\/443"}],"wp:attachment":[{"href":"https:\/\/formaciononline.espaciosdigitalex.org\/web\/wp-json\/wp\/v2\/media?parent=439"}],"curies":[{"name":"wp","href":"https:\/\/api.w.org\/{rel}","templated":true}]}}