{"id":404,"date":"2017-03-06T12:59:58","date_gmt":"2017-03-06T12:59:58","guid":{"rendered":"http:\/\/formaciononline.nccextremadura.org\/web\/?page_id=404"},"modified":"2017-03-27T15:40:58","modified_gmt":"2017-03-27T15:40:58","slug":"cultura-emprendedora-wordpress","status":"publish","type":"page","link":"https:\/\/formaciononline.espaciosdigitalex.org\/web\/cultura-emprendedora\/cultura-emprendedora-wordpress\/","title":{"rendered":"Cultura emprendedora &#8211; WordPress"},"content":{"rendered":"<div id=\"pl-404\"  class=\"panel-layout\" ><div id=\"pg-404-0\"  class=\"panel-grid panel-no-style\" ><div id=\"pgc-404-0-0\"  class=\"panel-grid-cell\" ><div id=\"panel-404-0-0-0\" class=\"so-panel widget widget_sow-image panel-first-child\" data-index=\"0\" ><div\n\t\t\t\n\t\t\tclass=\"so-widget-sow-image so-widget-sow-image-default-8b5b6f678277-404\"\n\t\t\t\n\t\t>\n<div class=\"sow-image-container\">\n\t\t<img fetchpriority=\"high\" \n\tsrc=\"https:\/\/formaciononline.espaciosdigitalex.org\/web\/wp-content\/uploads\/2016\/04\/fonline_cabecera_web.png\" width=\"1656\" height=\"440\" srcset=\"https:\/\/formaciononline.espaciosdigitalex.org\/web\/wp-content\/uploads\/2016\/04\/fonline_cabecera_web.png 1656w, https:\/\/formaciononline.espaciosdigitalex.org\/web\/wp-content\/uploads\/2016\/04\/fonline_cabecera_web-300x80.png 300w, https:\/\/formaciononline.espaciosdigitalex.org\/web\/wp-content\/uploads\/2016\/04\/fonline_cabecera_web-768x204.png 768w, https:\/\/formaciononline.espaciosdigitalex.org\/web\/wp-content\/uploads\/2016\/04\/fonline_cabecera_web-1024x272.png 1024w\" sizes=\"(max-width: 1656px) 100vw, 1656px\" alt=\"\" \t\tclass=\"so-widget-image\"\/>\n\t<\/div>\n\n<\/div><\/div><div id=\"panel-404-0-0-1\" class=\"so-panel widget widget_sow-editor panel-last-child\" data-index=\"1\" ><div\n\t\t\t\n\t\t\tclass=\"so-widget-sow-editor so-widget-sow-editor-base\"\n\t\t\t\n\t\t>\n<div class=\"siteorigin-widget-tinymce textwidget\">\n\t<p>[su_tabs]<br \/>\n<strong>[su_tab title=\"Introducci\u00f3n\"]<\/strong><br \/>\nHoy d\u00eda, el protagonista absoluto de Internet es el usuario. El internauta produce, consume y comparte todo tipo de contenidos (textos, fotograf\u00edas, v\u00eddeos, audios, enlaces, comentarios, estados vitales, etc.) M\u00e1s all\u00e1 de los avances t\u00e9cnicos, la principal diferencia de la situaci\u00f3n actual de la Red con respecto a su estado hace unos a\u00f1os es que ahora, cada ciudadano es parte fundamental de la Sociedad de la Informaci\u00f3n.<br \/>\nEn la Web 2.0 el usuario abandona su papel pasivo, como mero consumidor de contenidos y se conecta para crear y compartir dichos contenidos.<br \/>\nEl objetivo de este curso de 30 horas lectivas es adquirir los conceptos b\u00e1sicos para ser capaces de crear una web desde cero y configurar sus principales opciones utilizando wordpress.com, as\u00ed como entender la importancia que hoy en d\u00eda tiene nuestra presencia en la Red y el saber c\u00f3mo desenvolverse en lo que se refiere a la creaci\u00f3n de contenido y el papel de \u201cprosumidor\u201d que cualquiera puede tener en Internet.[\/su_tab]<br \/>\n<strong>[su_tab title=\"Metodolog\u00eda\"]<\/strong><\/p>\n<ul>\n<li>El desarrollo de este curso es 100% online.<\/li>\n<li>Tras inscribirse, el alumno recibir\u00e1 en su correo electr\u00f3nico sus claves de acceso el d\u00eda antes de empezar el curso o cursos en los que se haya inscrito (m\u00e1ximo dos por persona y convocatoria).<\/li>\n<li>Una vez acceda al Aula virtual podr\u00e1 desarrollar su formaci\u00f3n cuando desee, las 24 horas del d\u00eda, siempre que lo haga entre las fechas programadas como inicio y fin del curso.<\/li>\n<li>El alumno podr\u00e1 descargarse los materiales did\u00e1cticos, visualizar algunos en l\u00ednea o utilizar las herramientas did\u00e1cticas necesarias, como foros o mensajes, para contactar con su tutor\/a del curso.<\/li>\n<li>El curso se ha dise\u00f1ado con una estructura modulada, defini\u00e9ndose y desarroll\u00e1ndose los contenidos, recursos y pruebas de evaluaci\u00f3n conforme a esta metodolog\u00eda, de tal manera que el curso completo se integra de manera pautada en unidades did\u00e1cticas. As\u00ed, el alumno puede ir avanzando en su aprendizaje seg\u00fan vaya asimilando las unidades did\u00e1cticas que componen el curso, a su propio ritmo, entre las fechas establecidas como inicio y fin del mismo.[\/su_tab]<\/li>\n<\/ul>\n<p><strong> [su_tab title=\"Programa\"]<\/strong><\/p>\n<p><strong>UNIDAD 1 INTRODUCCI\u00d3N A LOS SISTEMAS DE GESTI\u00d3N DE CONTENIDOS (CMS)<\/strong><br \/>\n\u2022 Introducci\u00f3n.<br \/>\n\u2022 Blogs o Bit\u00e1coras.<br \/>\n\u2022 Estrategia de contenidos.<br \/>\n\u2022 Posicionamiento SEO.<br \/>\n\u2022 Sindicaci\u00f3n de contenidos.<br \/>\n\u2022 Agregadores de contenidos: un ejemplo, Feedly.<br \/>\n\u2022 \u00bfQu\u00e9 es un CMS?<br \/>\n\u2022 Clasificaci\u00f3n de CMS.<br \/>\n\u2022 Qu\u00e9 es una web din\u00e1mica.<br \/>\n\u2022 Ejemplos de CMS.<br \/>\n\u2022 \u00bfPor qu\u00e9 WordPress?<br \/>\n<strong>UNIDAD 2 INSTALACI\u00d3N Y AJUSTES PREVIOS<\/strong><br \/>\n\u2022 Qu\u00e9 WordPress elegir.<br \/>\n\u2022 Instalaci\u00f3n en WordPress.com.<br \/>\n\u2022 Necesidades t\u00e9cnicas para la instalaci\u00f3n de WordPress.org.<br \/>\n\u2022 Instalaci\u00f3n de WordPress.org.<br \/>\n\u2022 La importancia de un dominio propio.<br \/>\n\u2022 Ajustes Previos.<br \/>\n\u2022 Men\u00fa Principal.<br \/>\n\u2022 Men\u00fa Usuarios.<br \/>\n\u2022 Men\u00fa Configuraci\u00f3n.<br \/>\n\u2022 Men\u00fa Apariencia.<br \/>\n<strong>UNIDAD 3 ORGANIZACI\u00d3N Y CREACI\u00d3N DE CONTENIDOS<\/strong><br \/>\n\u2022 Categor\u00edas.<br \/>\n\u2022 Etiquetas.<br \/>\n\u2022 Diferencia entre Entrada y P\u00e1gina.<br \/>\n\u2022 Crear una Entrada.<br \/>\n\u2022 Insertar contenido multimedia.<br \/>\n\u2022 Crear una P\u00e1gina.<br \/>\n\u2022 Widgets.<br \/>\n\u2022 Enlaces.<br \/>\n<strong>UNIDAD 4 UN POCO M\u00c1S DE WORDPRESS<\/strong><br \/>\n\u2022 WordPress.com y WordPress.org. Una ayuda para elegir<br \/>\n\u2022 Algunos Widgets de inter\u00e9s<br \/>\n\u2022 Trucos en WordPress<br \/>\n\u2022 Visibilidad del blog: Herramientas \u201cWebmaster Tools\u201d y SEO<\/p>\n<p>[\/su_tab]<\/p>\n<p><strong>[su_tab title=\"Destinatarios y requisitos\"]<\/strong><\/p>\n<p><strong>Destinatarios:<\/strong> Docentes participantes en el Programa \"Cultura Emprendedora\": JuniorEmprende, TeenEmprende y ExpertEmprende<\/p>\n<p><strong>Requisitos para hacer el curso:<\/strong><\/p>\n<ul>\n<li>Disponer de un correo electr\u00f3nico activo, posibilidad de acceso a Internet y manejo del ordenador a nivel de usuario<\/li>\n<li>Se utilizar\u00e1 para esta formaci\u00f3n el navegador web Mozilla Firefox o Google Chrome. Se debe tener instalado el plugin de flash para poder visualizar algunos recursos como v\u00eddeos, as\u00ed como un lector .pdf para documentos.<\/li>\n<li>Registro y uso de WordPress<\/li>\n<\/ul>\n<p>[\/su_tab]<\/p>\n<p><strong>[su_tab title=\"Descargas\"]<\/strong><\/p>\n<figure id=\"attachment_212\" aria-describedby=\"caption-attachment-212\" style=\"width: 150px\" class=\"wp-caption aligncenter\"><a href=\"http:\/\/formaciononline.espaciosdigitalex.org\/web\/recursos\/fichas\/Cultura_emprendedora_Wordpress_ficha.pdf\"><img decoding=\"async\" class=\"wp-image-212 size-thumbnail\" src=\"http:\/\/formaciononline.espaciosdigitalex.org\/web\/wp-content\/uploads\/2016\/03\/wordpress_portada-150x150.png?_t=1488813453\" width=\"150\" height=\"150\" \/><\/a><figcaption id=\"caption-attachment-212\" class=\"wp-caption-text\">Descarga la ficha del curso<\/figcaption><\/figure>\n<p>[\/su_tab]<\/p>\n<p><!--\n<strong>[su_tab title=\"Inscripci\u00f3n\"]\n\n\n<p style=\"text-align: center;\"><strong>Fecha de Inicio<\/strong> : 29 de marzo\n<strong>Fecha de finalizaci\u00f3n<\/strong> : 19 de mayo<\/p>\n\n\n\n\n\n<div style=\"text-align: center; margin-top: 50px; margin-bottom: 50px;\">[su_button style=\"flat\" url=\"inscripcion-cultura-emprendedora?id=3\" background=\"black\" size=\"12\" icon=\"icon: check\"]Inscribirme[\/su_button]<\/div>\n\n\n[\/su_tab]\n--><\/p>\n<p>[\/su_tabs]<\/p>\n<\/div>\n<\/div><\/div><\/div><\/div><\/div>","protected":false},"excerpt":{"rendered":"<p>[su_tabs] [su_tab title=\u00bbIntroducci\u00f3n\u00bb] Hoy d\u00eda, el protagonista absoluto de Internet es el usuario. El internauta produce, consume y comparte todo tipo de contenidos (textos, fotograf\u00edas, v\u00eddeos, audios, enlaces, comentarios, estados vitales, etc.) M\u00e1s all\u00e1 de los avances t\u00e9cnicos, la principal diferencia de la situaci\u00f3n actual de la Red con respecto a su estado hace unos [&hellip;]<\/p>\n","protected":false},"author":3,"featured_media":0,"parent":439,"menu_order":0,"comment_status":"closed","ping_status":"open","template":"templates\/template-full-notitle.php","meta":{"site-sidebar-layout":"default","site-content-layout":"","ast-site-content-layout":"default","site-content-style":"default","site-sidebar-style":"default","ast-global-header-display":"","ast-banner-title-visibility":"","ast-main-header-display":"","ast-hfb-above-header-display":"","ast-hfb-below-header-display":"","ast-hfb-mobile-header-display":"","site-post-title":"","ast-breadcrumbs-content":"","ast-featured-img":"","footer-sml-layout":"","ast-disable-related-posts":"","theme-transparent-header-meta":"","adv-header-id-meta":"","stick-header-meta":"","header-above-stick-meta":"","header-main-stick-meta":"","header-below-stick-meta":"","astra-migrate-meta-layouts":"default","ast-page-background-enabled":"default","ast-page-background-meta":{"desktop":{"background-color":"","background-image":"","background-repeat":"repeat","background-position":"center center","background-size":"auto","background-attachment":"scroll","background-type":"","background-media":"","overlay-type":"","overlay-color":"","overlay-opacity":"","overlay-gradient":""},"tablet":{"background-color":"","background-image":"","background-repeat":"repeat","background-position":"center center","background-size":"auto","background-attachment":"scroll","background-type":"","background-media":"","overlay-type":"","overlay-color":"","overlay-opacity":"","overlay-gradient":""},"mobile":{"background-color":"","background-image":"","background-repeat":"repeat","background-position":"center center","background-size":"auto","background-attachment":"scroll","background-type":"","background-media":"","overlay-type":"","overlay-color":"","overlay-opacity":"","overlay-gradient":""}},"ast-content-background-meta":{"desktop":{"background-color":"var(--ast-global-color-5)","background-image":"","background-repeat":"repeat","background-position":"center center","background-size":"auto","background-attachment":"scroll","background-type":"","background-media":"","overlay-type":"","overlay-color":"","overlay-opacity":"","overlay-gradient":""},"tablet":{"background-color":"var(--ast-global-color-5)","background-image":"","background-repeat":"repeat","background-position":"center center","background-size":"auto","background-attachment":"scroll","background-type":"","background-media":"","overlay-type":"","overlay-color":"","overlay-opacity":"","overlay-gradient":""},"mobile":{"background-color":"var(--ast-global-color-5)","background-image":"","background-repeat":"repeat","background-position":"center center","background-size":"auto","background-attachment":"scroll","background-type":"","background-media":"","overlay-type":"","overlay-color":"","overlay-opacity":"","overlay-gradient":""}},"slim_seo":{"title":"Cultura emprendedora - Wordpress - Formaci\u00f3n Online","description":"Introducci\u00f3n Metodolog\u00eda Programa Destinatarios y requisitos Descargas Hoy d\u00eda, el protagonista absoluto de Internet es el usuario. El internauta produce, consu"},"footnotes":""},"class_list":["post-404","page","type-page","status-publish","hentry"],"_links":{"self":[{"href":"https:\/\/formaciononline.espaciosdigitalex.org\/web\/wp-json\/wp\/v2\/pages\/404","targetHints":{"allow":["GET"]}}],"collection":[{"href":"https:\/\/formaciononline.espaciosdigitalex.org\/web\/wp-json\/wp\/v2\/pages"}],"about":[{"href":"https:\/\/formaciononline.espaciosdigitalex.org\/web\/wp-json\/wp\/v2\/types\/page"}],"author":[{"embeddable":true,"href":"https:\/\/formaciononline.espaciosdigitalex.org\/web\/wp-json\/wp\/v2\/users\/3"}],"replies":[{"embeddable":true,"href":"https:\/\/formaciononline.espaciosdigitalex.org\/web\/wp-json\/wp\/v2\/comments?post=404"}],"version-history":[{"count":8,"href":"https:\/\/formaciononline.espaciosdigitalex.org\/web\/wp-json\/wp\/v2\/pages\/404\/revisions"}],"predecessor-version":[{"id":453,"href":"https:\/\/formaciononline.espaciosdigitalex.org\/web\/wp-json\/wp\/v2\/pages\/404\/revisions\/453"}],"up":[{"embeddable":true,"href":"https:\/\/formaciononline.espaciosdigitalex.org\/web\/wp-json\/wp\/v2\/pages\/439"}],"wp:attachment":[{"href":"https:\/\/formaciononline.espaciosdigitalex.org\/web\/wp-json\/wp\/v2\/media?parent=404"}],"curies":[{"name":"wp","href":"https:\/\/api.w.org\/{rel}","templated":true}]}}