{"id":402,"date":"2017-03-06T12:51:46","date_gmt":"2017-03-06T12:51:46","guid":{"rendered":"http:\/\/formaciononline.nccextremadura.org\/web\/?page_id=402"},"modified":"2017-03-27T15:39:53","modified_gmt":"2017-03-27T15:39:53","slug":"cultura-emprendedora-redes-sociales-facebook-twitter-youtube-flickr","status":"publish","type":"page","link":"https:\/\/formaciononline.espaciosdigitalex.org\/web\/cultura-emprendedora\/cultura-emprendedora-redes-sociales-facebook-twitter-youtube-flickr\/","title":{"rendered":"Cultura emprendedora &#8211; Redes Sociales: Facebook, Twitter, Youtube, Flickr"},"content":{"rendered":"<div id=\"pl-402\"  class=\"panel-layout\" ><div id=\"pg-402-0\"  class=\"panel-grid panel-no-style\" ><div id=\"pgc-402-0-0\"  class=\"panel-grid-cell\" ><div id=\"panel-402-0-0-0\" class=\"so-panel widget widget_sow-image panel-first-child\" data-index=\"0\" ><div\n\t\t\t\n\t\t\tclass=\"so-widget-sow-image so-widget-sow-image-default-8b5b6f678277-402\"\n\t\t\t\n\t\t>\n<div class=\"sow-image-container\">\n\t\t<img fetchpriority=\"high\" \n\tsrc=\"https:\/\/formaciononline.espaciosdigitalex.org\/web\/wp-content\/uploads\/2016\/03\/fonline_cabecera_rrss.png\" width=\"1656\" height=\"440\" srcset=\"https:\/\/formaciononline.espaciosdigitalex.org\/web\/wp-content\/uploads\/2016\/03\/fonline_cabecera_rrss.png 1656w, https:\/\/formaciononline.espaciosdigitalex.org\/web\/wp-content\/uploads\/2016\/03\/fonline_cabecera_rrss-300x80.png 300w, https:\/\/formaciononline.espaciosdigitalex.org\/web\/wp-content\/uploads\/2016\/03\/fonline_cabecera_rrss-768x204.png 768w, https:\/\/formaciononline.espaciosdigitalex.org\/web\/wp-content\/uploads\/2016\/03\/fonline_cabecera_rrss-1024x272.png 1024w\" sizes=\"(max-width: 1656px) 100vw, 1656px\" alt=\"\" \t\tclass=\"so-widget-image\"\/>\n\t<\/div>\n\n<\/div><\/div><div id=\"panel-402-0-0-1\" class=\"so-panel widget widget_sow-editor panel-last-child\" data-index=\"1\" ><div\n\t\t\t\n\t\t\tclass=\"so-widget-sow-editor so-widget-sow-editor-base\"\n\t\t\t\n\t\t>\n<div class=\"siteorigin-widget-tinymce textwidget\">\n\t<p>[su_tabs]<br \/>\n<strong>[su_tab title=\"Introducci\u00f3n\"]<\/strong><br \/>\nLas redes sociales, que forman parte ineludible en los procesos de comunicaci\u00f3n interpersonal, se han convertido en un instrumento muy \u00fatil que trasciende d\u00eda a d\u00eda sus posibilidades, constituyendo un elemento de participaci\u00f3n y activismo social sin precedentes. Han dejado de ser, por tanto, un \u00e1mbito reducido para el ocio y el entretenimiento y han trasladado su influencia a otros espacios como el empleo, la generaci\u00f3n de contenidos y de opini\u00f3n, la influencia pol\u00edtica, la promoci\u00f3n, el apoyo a empresas y emprendedores...<br \/>\nSiendo pues tan amplia e impredecible su evoluci\u00f3n y su aplicabilidad, se hace necesario conocer sus caracter\u00edsticas, naturaleza y uso en este breve curso de 30 horas lectivas.<\/p>\n<p>[\/su_tab]<br \/>\n<strong>[su_tab title=\"Metodolog\u00eda\"]<\/strong><\/p>\n<ul>\n<li>El desarrollo de este curso es 100% online.<\/li>\n<li>Tras inscribirse, el alumno recibir\u00e1 en su correo electr\u00f3nico sus claves de acceso el d\u00eda antes de empezar el curso o cursos en los que se haya inscrito (m\u00e1ximo dos por persona y convocatoria).<\/li>\n<li>Una vez acceda al Aula virtual podr\u00e1 desarrollar su formaci\u00f3n cuando desee, las 24 horas del d\u00eda, siempre que lo haga entre las fechas programadas como inicio y fin del curso.<\/li>\n<li>El alumno podr\u00e1 descargarse los materiales did\u00e1cticos, visualizar algunos en l\u00ednea o utilizar las herramientas did\u00e1cticas necesarias, como foros o mensajes, para contactar con su tutor\/a del curso.<\/li>\n<li>El curso se ha dise\u00f1ado con una estructura modulada, defini\u00e9ndose y desarroll\u00e1ndose los contenidos, recursos y pruebas de evaluaci\u00f3n conforme a esta metodolog\u00eda, de tal manera que el curso completo se integra de manera pautada en unidades did\u00e1cticas. As\u00ed, el alumno puede ir avanzando en su aprendizaje seg\u00fan vaya asimilando las unidades did\u00e1cticas que componen el curso, a su propio ritmo, entre las fechas establecidas como inicio y fin del mismo.[\/su_tab]<\/li>\n<\/ul>\n<p><strong> [su_tab title=\"Programa\"]<\/strong><\/p>\n<p><strong>INTRODUCCI\u00d3N<\/strong><br \/>\n\u2022 \u00bfQu\u00e9 es la Web 2.0? Teor\u00eda de los seis grados.<br \/>\n\u2022 Clasificaci\u00f3n de redes sociales. Redes sociales horizontales y verticales.<br \/>\n\u2022 Presencia en internet: Identidad digital y marca personal.<br \/>\n\u2022 Networking.<br \/>\n<strong>PRINCIPIOS B\u00c1SICOS DE PRIVACIDAD<\/strong><br \/>\n\u2022 Tendencias de uso y participaci\u00f3n en las redes sociales.<br \/>\n\u2022 Ventajas y peligros de las redes sociales.<br \/>\n\u2022 \u00bfQu\u00e9 NO se debe publicar en un medio social?<br \/>\n\u2022 Webs de referencia a nivel nacional: Prot\u00e9geles, IS4K<br \/>\n\u2022 Redes sociales para menores<br \/>\n<strong>REDES SOCIALES. FACEBOOK<\/strong><br \/>\n\u2022 Creaci\u00f3n y gesti\u00f3n de una cuenta en Facebook.<br \/>\n\u2022 Perfil, p\u00e1gina, grupo.<br \/>\n\u2022 Entorno de Facebook.<br \/>\n\u2022 Configuraci\u00f3n de la privacidad.<br \/>\n\u2022 Privacidad por defecto y privacidad en cada publicaci\u00f3n.<br \/>\n\u2022 Registro de actividad.<br \/>\n\u2022 Mi perfil. Biograf\u00eda.<br \/>\n\u2022 Amigos. Seguir a un amigo. Listas de amigos.<br \/>\n\u2022 Grupos.<br \/>\n\u2022 P\u00e1ginas.<br \/>\n\u2022 B\u00fasquedas en Facebook.<br \/>\n\u2022 Menciones y etiquetas.<br \/>\n\u2022 Mensajes privados.<br \/>\n\u2022 Fotos\/V\u00eddeo.<br \/>\n\u2022 Interfaz y navegaci\u00f3n en dispositivos m\u00f3viles.<br \/>\n<strong>REDES SOCIALES. TWITTER<\/strong><br \/>\n\u2022 Creaci\u00f3n y configuraci\u00f3n de una cuenta.<br \/>\n\u2022 Principales acciones: redactar tuits, responder, retuit, etc.<br \/>\n\u2022 Participa en la conversaci\u00f3n global con los hashtags<br \/>\n\u2022 B\u00fasquedas.<br \/>\n\u2022 Interfaz y navegaci\u00f3n en dispositivos m\u00f3viles.<br \/>\n<strong>REDES SOCIALES. YOUTUBE<\/strong><br \/>\n\u2022 Herramientas fundamentales<br \/>\n\u2022 Tu canal de v\u00eddeo<br \/>\n\u2022 Interfaz y navegaci\u00f3n en dispositivos m\u00f3viles.<br \/>\n<strong>REDES SOCIALES. FLICKR<\/strong><br \/>\n\u2022 Caracter\u00edsticas principales<br \/>\n\u2022 Funcionamiento<br \/>\n<strong>HERRAMIENTAS PARA LA GESTI\u00d3N Y SINCRONIZACI\u00d3N EN REDES SOCIALES: HOOTSUITE Y BUFFER<\/strong><br \/>\n<strong>BUENAS PR\u00c1CTICAS DE USO<\/strong><\/p>\n<p>[\/su_tab]<\/p>\n<p><strong>[su_tab title=\"Destinatarios y requisitos\"]<\/strong><\/p>\n<p><strong>Destinatarios:<\/strong> Docentes participantes en el Programa \"Cultura Emprendedora\": JuniorEmprende, TeenEmprende y ExpertEmprende.<\/p>\n<p><strong>Requisitos para hacer el curso:<\/strong><\/p>\n<ul>\n<li>Disponer de un correo electr\u00f3nico activo, posibilidad de acceso a Internet y manejo del ordenador a nivel de usuario<\/li>\n<li>Se utilizar\u00e1 para esta formaci\u00f3n el navegador web Mozilla Firefox o Google Chrome. Se debe tener instalado el plugin de flash para poder visualizar algunos recursos como v\u00eddeos, as\u00ed como un lector .pdf para documentos.<\/li>\n<li>Registro y uso de las aplicaciones y redes sociales que se proponen en los contenidos del curso.<\/li>\n<\/ul>\n<p>[\/su_tab]<\/p>\n<p><strong>[su_tab title=\"Descargas\"]<\/strong><\/p>\n<p style=\"text-align: center;\"><a href=\"http:\/\/formaciononline.espaciosdigitalex.org\/web\/recursos\/fichas\/Cultura_emprendedora_RRSS_ficha.pdf\"><img decoding=\"async\" class=\"aligncenter wp-image-410 size-thumbnail\" src=\"http:\/\/formaciononline.espaciosdigitalex.org\/web\/wp-content\/uploads\/2016\/03\/fonline_pat17_portada-150x150.png?_t=1488813562\" width=\"150\" height=\"150\" \/><\/a>Descarga la ficha del curso<\/p>\n<p>[\/su_tab]<\/p>\n<p><!--\n<strong>[su_tab title=\"Inscripci\u00f3n\"]\n\n\n<p style=\"text-align: center;\"><strong>Fecha de Inicio<\/strong> : 29 de marzo\n<strong>Fecha de finalizaci\u00f3n<\/strong> : 19 de mayo<\/p>\n\n\n\n\n\n<div style=\"text-align: center; margin-top: 50px; margin-bottom: 50px;\">[su_button style=\"flat\" url=\"inscripcion-cultura-emprendedora?id=2\" background=\"black\" size=\"12\" icon=\"icon: check\"]Inscribirse[\/su_button]<\/div>\n\n\n[\/su_tab]\n--><\/p>\n<p>[\/su_tabs]<\/p>\n<\/div>\n<\/div><\/div><\/div><\/div><\/div>","protected":false},"excerpt":{"rendered":"<p>[su_tabs] [su_tab title=\u00bbIntroducci\u00f3n\u00bb] Las redes sociales, que forman parte ineludible en los procesos de comunicaci\u00f3n interpersonal, se han convertido en un instrumento muy \u00fatil que trasciende d\u00eda a d\u00eda sus posibilidades, constituyendo un elemento de participaci\u00f3n y activismo social sin precedentes. Han dejado de ser, por tanto, un \u00e1mbito reducido para el ocio y el [&hellip;]<\/p>\n","protected":false},"author":3,"featured_media":0,"parent":439,"menu_order":0,"comment_status":"closed","ping_status":"open","template":"templates\/template-full-notitle.php","meta":{"site-sidebar-layout":"default","site-content-layout":"","ast-site-content-layout":"default","site-content-style":"default","site-sidebar-style":"default","ast-global-header-display":"","ast-banner-title-visibility":"","ast-main-header-display":"","ast-hfb-above-header-display":"","ast-hfb-below-header-display":"","ast-hfb-mobile-header-display":"","site-post-title":"","ast-breadcrumbs-content":"","ast-featured-img":"","footer-sml-layout":"","ast-disable-related-posts":"","theme-transparent-header-meta":"","adv-header-id-meta":"","stick-header-meta":"","header-above-stick-meta":"","header-main-stick-meta":"","header-below-stick-meta":"","astra-migrate-meta-layouts":"default","ast-page-background-enabled":"default","ast-page-background-meta":{"desktop":{"background-color":"","background-image":"","background-repeat":"repeat","background-position":"center center","background-size":"auto","background-attachment":"scroll","background-type":"","background-media":"","overlay-type":"","overlay-color":"","overlay-opacity":"","overlay-gradient":""},"tablet":{"background-color":"","background-image":"","background-repeat":"repeat","background-position":"center center","background-size":"auto","background-attachment":"scroll","background-type":"","background-media":"","overlay-type":"","overlay-color":"","overlay-opacity":"","overlay-gradient":""},"mobile":{"background-color":"","background-image":"","background-repeat":"repeat","background-position":"center center","background-size":"auto","background-attachment":"scroll","background-type":"","background-media":"","overlay-type":"","overlay-color":"","overlay-opacity":"","overlay-gradient":""}},"ast-content-background-meta":{"desktop":{"background-color":"var(--ast-global-color-5)","background-image":"","background-repeat":"repeat","background-position":"center center","background-size":"auto","background-attachment":"scroll","background-type":"","background-media":"","overlay-type":"","overlay-color":"","overlay-opacity":"","overlay-gradient":""},"tablet":{"background-color":"var(--ast-global-color-5)","background-image":"","background-repeat":"repeat","background-position":"center center","background-size":"auto","background-attachment":"scroll","background-type":"","background-media":"","overlay-type":"","overlay-color":"","overlay-opacity":"","overlay-gradient":""},"mobile":{"background-color":"var(--ast-global-color-5)","background-image":"","background-repeat":"repeat","background-position":"center center","background-size":"auto","background-attachment":"scroll","background-type":"","background-media":"","overlay-type":"","overlay-color":"","overlay-opacity":"","overlay-gradient":""}},"slim_seo":{"title":"Cultura emprendedora - Redes Sociales: Facebook, Twitter, Youtube, Flickr - Formaci\u00f3n Online","description":"Introducci\u00f3n Metodolog\u00eda Programa Destinatarios y requisitos Descargas Las redes sociales, que forman parte ineludible en los procesos de comunicaci\u00f3n interpers"},"footnotes":""},"class_list":["post-402","page","type-page","status-publish","hentry"],"_links":{"self":[{"href":"https:\/\/formaciononline.espaciosdigitalex.org\/web\/wp-json\/wp\/v2\/pages\/402","targetHints":{"allow":["GET"]}}],"collection":[{"href":"https:\/\/formaciononline.espaciosdigitalex.org\/web\/wp-json\/wp\/v2\/pages"}],"about":[{"href":"https:\/\/formaciononline.espaciosdigitalex.org\/web\/wp-json\/wp\/v2\/types\/page"}],"author":[{"embeddable":true,"href":"https:\/\/formaciononline.espaciosdigitalex.org\/web\/wp-json\/wp\/v2\/users\/3"}],"replies":[{"embeddable":true,"href":"https:\/\/formaciononline.espaciosdigitalex.org\/web\/wp-json\/wp\/v2\/comments?post=402"}],"version-history":[{"count":8,"href":"https:\/\/formaciononline.espaciosdigitalex.org\/web\/wp-json\/wp\/v2\/pages\/402\/revisions"}],"predecessor-version":[{"id":452,"href":"https:\/\/formaciononline.espaciosdigitalex.org\/web\/wp-json\/wp\/v2\/pages\/402\/revisions\/452"}],"up":[{"embeddable":true,"href":"https:\/\/formaciononline.espaciosdigitalex.org\/web\/wp-json\/wp\/v2\/pages\/439"}],"wp:attachment":[{"href":"https:\/\/formaciononline.espaciosdigitalex.org\/web\/wp-json\/wp\/v2\/media?parent=402"}],"curies":[{"name":"wp","href":"https:\/\/api.w.org\/{rel}","templated":true}]}}