{"id":389,"date":"2017-03-06T11:39:55","date_gmt":"2017-03-06T11:39:55","guid":{"rendered":"http:\/\/formaciononline.nccextremadura.org\/web\/?page_id=389"},"modified":"2017-03-27T15:38:36","modified_gmt":"2017-03-27T15:38:36","slug":"cultura-emprendedora-aplicaciones-en-la-nube-google-apps","status":"publish","type":"page","link":"https:\/\/formaciononline.espaciosdigitalex.org\/web\/cultura-emprendedora\/cultura-emprendedora-aplicaciones-en-la-nube-google-apps\/","title":{"rendered":"Cultura emprendedora &#8211; Aplicaciones en la Nube: Google Apps"},"content":{"rendered":"<div id=\"pl-389\"  class=\"panel-layout\" ><div id=\"pg-389-0\"  class=\"panel-grid panel-no-style\" ><div id=\"pgc-389-0-0\"  class=\"panel-grid-cell\" ><div id=\"panel-389-0-0-0\" class=\"so-panel widget widget_sow-image panel-first-child\" data-index=\"0\" ><div\n\t\t\t\n\t\t\tclass=\"so-widget-sow-image so-widget-sow-image-default-8b5b6f678277-389\"\n\t\t\t\n\t\t>\n<div class=\"sow-image-container\">\n\t\t<img fetchpriority=\"high\" \n\tsrc=\"https:\/\/formaciononline.espaciosdigitalex.org\/web\/wp-content\/uploads\/2016\/03\/fonline_cabecera_googleapps.png\" width=\"1656\" height=\"440\" srcset=\"https:\/\/formaciononline.espaciosdigitalex.org\/web\/wp-content\/uploads\/2016\/03\/fonline_cabecera_googleapps.png 1656w, https:\/\/formaciononline.espaciosdigitalex.org\/web\/wp-content\/uploads\/2016\/03\/fonline_cabecera_googleapps-300x80.png 300w, https:\/\/formaciononline.espaciosdigitalex.org\/web\/wp-content\/uploads\/2016\/03\/fonline_cabecera_googleapps-768x204.png 768w, https:\/\/formaciononline.espaciosdigitalex.org\/web\/wp-content\/uploads\/2016\/03\/fonline_cabecera_googleapps-1024x272.png 1024w\" sizes=\"(max-width: 1656px) 100vw, 1656px\" alt=\"\" \t\tclass=\"so-widget-image\"\/>\n\t<\/div>\n\n<\/div><\/div><div id=\"panel-389-0-0-1\" class=\"so-panel widget widget_sow-editor panel-last-child\" data-index=\"1\" ><div\n\t\t\t\n\t\t\tclass=\"so-widget-sow-editor so-widget-sow-editor-base\"\n\t\t\t\n\t\t>\n<div class=\"siteorigin-widget-tinymce textwidget\">\n\t<p>[su_tabs]<br \/>\n<strong>[su_tab title=\"Introducci\u00f3n\"]<\/strong><\/p>\n<p>La inmersi\u00f3n de la vida diaria en el entorno de las Tecnolog\u00edas de la Informaci\u00f3n y la Comunicaci\u00f3n (TIC) ha transformado en profundidad acciones como la comunicaci\u00f3n, el aprendizaje, la generaci\u00f3n de contenidos, el intercambio de \u00e9stos -de todo tipo-, las relaciones personales, las profesionales... todo ello, debido en parte a una inabarcable lista de herramientas, metodolog\u00edas y recuros que aparecen constantemente.<br \/>\nA lo largo de este curso de 30 horas lectivas, los alumnos tendr\u00e1n la oportunidad de comprobar cu\u00e1les son las capacidades de las herramientas descritas en \u00e9l. Desde las m\u00e1s usuales -Google Drive- que permiten la gesti\u00f3n documental m\u00e1s b\u00e1sica, la capacidad para compartir y la posibilidad para hacer uso de ellas con dispositivos m\u00f3viles, hasta otras tambi\u00e9n comunes y casi de uso cotidiano como Dropbox.<\/p>\n<p>[\/su_tab]<br \/>\n<strong>[su_tab title=\"Metodolog\u00eda\"]<\/strong><\/p>\n<ul>\n<li>El desarrollo de este curso es 100% online.<\/li>\n<li>Tras inscribirse, el alumno recibir\u00e1 en su correo electr\u00f3nico sus claves de acceso el d\u00eda antes de empezar el curso o cursos en los que se haya inscrito (m\u00e1ximo dos por persona y convocatoria).<\/li>\n<li>Una vez acceda al Aula virtual podr\u00e1 desarrollar su formaci\u00f3n cuando desee, las 24 horas del d\u00eda, siempre que lo haga entre las fechas programadas como inicio y fin del curso.<\/li>\n<li>El alumno podr\u00e1 descargarse los materiales did\u00e1cticos, visualizar algunos en l\u00ednea o utilizar las herramientas did\u00e1cticas necesarias, como foros o mensajes, para contactar con su tutor\/a del curso.<\/li>\n<li>El curso se ha dise\u00f1ado con una estructura modulada, defini\u00e9ndose y desarroll\u00e1ndose los contenidos, recursos y pruebas de evaluaci\u00f3n conforme a esta metodolog\u00eda, de tal manera que el curso completo se integra de manera pautada en unidades did\u00e1cticas. As\u00ed, el alumno puede ir avanzando en su aprendizaje seg\u00fan vaya asimilando las unidades did\u00e1cticas que componen el curso, a su propio ritmo, entre las fechas establecidas como inicio y fin del mismo.[\/su_tab]<\/li>\n<\/ul>\n<p><strong> [su_tab title=\"Programa\"]<\/strong><\/p>\n<p><strong>INTRODUCCI\u00d3N<\/strong><br \/>\n\u2022 \u00bfQu\u00e9 es la \u201cNube\u201d?<br \/>\n\u2022 Definici\u00f3n y modelos de servicio<br \/>\n\u2022 Beneficios<br \/>\n<strong>CONOCE DROPBOX<\/strong><br \/>\n\u2022 \u00bfQu\u00e9 es y c\u00f3mo se usa?<br \/>\n\u2022 Creaci\u00f3n de la cuenta y configuraci\u00f3n<br \/>\n\u2022 Uso en la web<br \/>\n\u2022 Instalaci\u00f3n y uso del programa en el ordenador<br \/>\n\u2022 Instalaci\u00f3n y uso en un dispositivo inteligente o smartphone<br \/>\n<strong>APLICACIONES GOOGLE<\/strong><br \/>\n\u2022 Servicios sincronizados y principales aplicaciones<br \/>\n\u2022 Google Drive<br \/>\n\u2022 Google Formularios<br \/>\n\u2022 Google Calendar<br \/>\n\u2022 Google Maps<br \/>\n\u2022 Google Hangouts<br \/>\n\u2022 Otras: Youtube y Google Fotos<br \/>\n\u2022 Uso en dispositivos m\u00f3viles<br \/>\n<strong>OTRAS ALTERNATIVAS EN LA NUBE: ONEDRIVE, OWNCLOUD, ICLOUD, BOX...<\/strong><\/p>\n<p>[\/su_tab]<\/p>\n<p><strong>[su_tab title=\"Destinatarios y requisitos\"]<\/strong><\/p>\n<p><strong>Destinatarios:<\/strong> Docentes participantes en el Programa \"Cultura Emprendedora\": JuniorEmprende, TeenEmprende y ExpertEmprende<\/p>\n<p><strong>Requisitos para hacer el curso:<\/strong><\/p>\n<ul>\n<li>Disponer de un correo electr\u00f3nico activo (GMAIL), posibilidad de acceso a Internet y manejo del ordenador a nivel de usuario (competencias digitales b\u00e1sicas).<\/li>\n<li>Se utilizar\u00e1 para esta formaci\u00f3n el navegador web Mozilla Firefox o Google Chrome. Se debe tener instalado el plugin de flash para poder visualizar algunos recursos como v\u00eddeos, as\u00ed como un lector .pdf para documentos.<\/li>\n<\/ul>\n<p>[\/su_tab]<\/p>\n<p><strong>[su_tab title=\"Descargas\"]<\/strong><\/p>\n<p><a href=\"http:\/\/formaciononline.espaciosdigitalex.org\/web\/recursos\/fichas\/Cultura_emprendedora_Nube_ficha.pdf\"><img decoding=\"async\" class=\"aligncenter wp-image-409 size-thumbnail\" src=\"http:\/\/formaciononline.espaciosdigitalex.org\/web\/wp-content\/uploads\/2016\/03\/fonline_pat16_portada-150x150.png?_t=1488813440\" width=\"150\" height=\"150\" \/><\/a><\/p>\n<p style=\"text-align: center;\">Descargar la ficha del curso<\/p>\n<p>[\/su_tab]<\/p>\n<p><!--\n<strong>[su_tab title=\"Inscripci\u00f3n\"]\n\n\n<p style=\"text-align: center;\"><strong>Fecha de Inicio<\/strong> : 29 de marzo\n<strong>Fecha de finalizaci\u00f3n<\/strong> : 19 de mayo<\/p>\n\n\n\n\n\n<div style=\"text-align: center; margin-top: 50px; margin-bottom: 50px;\">[su_button style=\"flat\" url=\"inscripcion-cultura-emprendedora?id=1\" background=\"black\" size=\"12\" icon=\"icon: check\"]Inscribirse[\/su_button]<\/div>\n\n\n[\/su_tab]\n--><\/p>\n<p>[\/su_tabs]<\/p>\n<\/div>\n<\/div><\/div><\/div><\/div><\/div>","protected":false},"excerpt":{"rendered":"<p>[su_tabs] [su_tab title=\u00bbIntroducci\u00f3n\u00bb] La inmersi\u00f3n de la vida diaria en el entorno de las Tecnolog\u00edas de la Informaci\u00f3n y la Comunicaci\u00f3n (TIC) ha transformado en profundidad acciones como la comunicaci\u00f3n, el aprendizaje, la generaci\u00f3n de contenidos, el intercambio de \u00e9stos -de todo tipo-, las relaciones personales, las profesionales&#8230; todo ello, debido en parte a una [&hellip;]<\/p>\n","protected":false},"author":3,"featured_media":0,"parent":439,"menu_order":0,"comment_status":"closed","ping_status":"open","template":"templates\/template-full-notitle.php","meta":{"site-sidebar-layout":"default","site-content-layout":"","ast-site-content-layout":"default","site-content-style":"default","site-sidebar-style":"default","ast-global-header-display":"","ast-banner-title-visibility":"","ast-main-header-display":"","ast-hfb-above-header-display":"","ast-hfb-below-header-display":"","ast-hfb-mobile-header-display":"","site-post-title":"","ast-breadcrumbs-content":"","ast-featured-img":"","footer-sml-layout":"","ast-disable-related-posts":"","theme-transparent-header-meta":"","adv-header-id-meta":"","stick-header-meta":"","header-above-stick-meta":"","header-main-stick-meta":"","header-below-stick-meta":"","astra-migrate-meta-layouts":"default","ast-page-background-enabled":"default","ast-page-background-meta":{"desktop":{"background-color":"","background-image":"","background-repeat":"repeat","background-position":"center center","background-size":"auto","background-attachment":"scroll","background-type":"","background-media":"","overlay-type":"","overlay-color":"","overlay-opacity":"","overlay-gradient":""},"tablet":{"background-color":"","background-image":"","background-repeat":"repeat","background-position":"center center","background-size":"auto","background-attachment":"scroll","background-type":"","background-media":"","overlay-type":"","overlay-color":"","overlay-opacity":"","overlay-gradient":""},"mobile":{"background-color":"","background-image":"","background-repeat":"repeat","background-position":"center center","background-size":"auto","background-attachment":"scroll","background-type":"","background-media":"","overlay-type":"","overlay-color":"","overlay-opacity":"","overlay-gradient":""}},"ast-content-background-meta":{"desktop":{"background-color":"var(--ast-global-color-5)","background-image":"","background-repeat":"repeat","background-position":"center center","background-size":"auto","background-attachment":"scroll","background-type":"","background-media":"","overlay-type":"","overlay-color":"","overlay-opacity":"","overlay-gradient":""},"tablet":{"background-color":"var(--ast-global-color-5)","background-image":"","background-repeat":"repeat","background-position":"center center","background-size":"auto","background-attachment":"scroll","background-type":"","background-media":"","overlay-type":"","overlay-color":"","overlay-opacity":"","overlay-gradient":""},"mobile":{"background-color":"var(--ast-global-color-5)","background-image":"","background-repeat":"repeat","background-position":"center center","background-size":"auto","background-attachment":"scroll","background-type":"","background-media":"","overlay-type":"","overlay-color":"","overlay-opacity":"","overlay-gradient":""}},"slim_seo":{"title":"Cultura emprendedora - Aplicaciones en la Nube: Google Apps - Formaci\u00f3n Online","description":"Introducci\u00f3n Metodolog\u00eda Programa Destinatarios y requisitos Descargas La inmersi\u00f3n de la vida diaria en el entorno de las Tecnolog\u00edas de la Informaci\u00f3n y la Co"},"footnotes":""},"class_list":["post-389","page","type-page","status-publish","hentry"],"_links":{"self":[{"href":"https:\/\/formaciononline.espaciosdigitalex.org\/web\/wp-json\/wp\/v2\/pages\/389","targetHints":{"allow":["GET"]}}],"collection":[{"href":"https:\/\/formaciononline.espaciosdigitalex.org\/web\/wp-json\/wp\/v2\/pages"}],"about":[{"href":"https:\/\/formaciononline.espaciosdigitalex.org\/web\/wp-json\/wp\/v2\/types\/page"}],"author":[{"embeddable":true,"href":"https:\/\/formaciononline.espaciosdigitalex.org\/web\/wp-json\/wp\/v2\/users\/3"}],"replies":[{"embeddable":true,"href":"https:\/\/formaciononline.espaciosdigitalex.org\/web\/wp-json\/wp\/v2\/comments?post=389"}],"version-history":[{"count":10,"href":"https:\/\/formaciononline.espaciosdigitalex.org\/web\/wp-json\/wp\/v2\/pages\/389\/revisions"}],"predecessor-version":[{"id":451,"href":"https:\/\/formaciononline.espaciosdigitalex.org\/web\/wp-json\/wp\/v2\/pages\/389\/revisions\/451"}],"up":[{"embeddable":true,"href":"https:\/\/formaciononline.espaciosdigitalex.org\/web\/wp-json\/wp\/v2\/pages\/439"}],"wp:attachment":[{"href":"https:\/\/formaciononline.espaciosdigitalex.org\/web\/wp-json\/wp\/v2\/media?parent=389"}],"curies":[{"name":"wp","href":"https:\/\/api.w.org\/{rel}","templated":true}]}}