{"id":1510,"date":"2021-08-12T08:09:11","date_gmt":"2021-08-12T08:09:11","guid":{"rendered":"https:\/\/formaciononline.nccextremadura.org\/web\/?page_id=1510"},"modified":"2021-09-28T06:58:45","modified_gmt":"2021-09-28T06:58:45","slug":"inteligencia-artificial-desde-cero-entiende-como-funciona-y-como-te-afecta","status":"publish","type":"page","link":"https:\/\/formaciononline.espaciosdigitalex.org\/web\/inteligencia-artificial-desde-cero-entiende-como-funciona-y-como-te-afecta\/","title":{"rendered":"Inteligencia artificial desde cero: entiende c\u00f3mo funciona y c\u00f3mo te afecta"},"content":{"rendered":"<div id=\"pl-1510\"  class=\"panel-layout\" ><div id=\"pg-1510-0\"  class=\"panel-grid panel-no-style\" ><div id=\"pgc-1510-0-0\"  class=\"panel-grid-cell\" ><div id=\"panel-1510-0-0-0\" class=\"so-panel widget widget_sow-image panel-first-child\" data-index=\"0\" ><div\n\t\t\t\n\t\t\tclass=\"so-widget-sow-image so-widget-sow-image-default-8b5b6f678277-1510\"\n\t\t\t\n\t\t>\n<div class=\"sow-image-container\">\n\t\t<img fetchpriority=\"high\" \n\tsrc=\"https:\/\/formaciononline.espaciosdigitalex.org\/web\/wp-content\/uploads\/2021\/07\/Fonline_IA_Ficha_Cursos.png\" width=\"4139\" height=\"1078\" srcset=\"https:\/\/formaciononline.espaciosdigitalex.org\/web\/wp-content\/uploads\/2021\/07\/Fonline_IA_Ficha_Cursos.png 4139w, https:\/\/formaciononline.espaciosdigitalex.org\/web\/wp-content\/uploads\/2021\/07\/Fonline_IA_Ficha_Cursos-300x78.png 300w, https:\/\/formaciononline.espaciosdigitalex.org\/web\/wp-content\/uploads\/2021\/07\/Fonline_IA_Ficha_Cursos-1024x267.png 1024w, https:\/\/formaciononline.espaciosdigitalex.org\/web\/wp-content\/uploads\/2021\/07\/Fonline_IA_Ficha_Cursos-768x200.png 768w, https:\/\/formaciononline.espaciosdigitalex.org\/web\/wp-content\/uploads\/2021\/07\/Fonline_IA_Ficha_Cursos-1536x400.png 1536w, https:\/\/formaciononline.espaciosdigitalex.org\/web\/wp-content\/uploads\/2021\/07\/Fonline_IA_Ficha_Cursos-2048x533.png 2048w\" sizes=\"(max-width: 4139px) 100vw, 4139px\" alt=\"\" \t\tclass=\"so-widget-image\"\/>\n\t<\/div>\n\n<\/div><\/div><div id=\"panel-1510-0-0-1\" class=\"so-panel widget widget_sow-editor panel-last-child\" data-index=\"1\" ><div class=\"panel-widget-style panel-widget-style-for-1510-0-0-1\" ><div\n\t\t\t\n\t\t\tclass=\"so-widget-sow-editor so-widget-sow-editor-base\"\n\t\t\t\n\t\t>\n<div class=\"siteorigin-widget-tinymce textwidget\">\n\t<p>[su_tabs]<br \/>\n<strong>[su_tab title=\"Introducci\u00f3n\"]<\/strong><\/p>\n<p>La inteligencia artificial est\u00e1 cada vez m\u00e1s presente en nuestras vidas, nos demos cuenta o no. Esto afecta a todos los \u00e1mbitos de la vida: personal, social, profesional... \u00bfQuieres saber c\u00f3mo?<\/p>\n<p>En este curso descubrir\u00e1s, desde cero y sin necesidad de conocimientos t\u00e9cnicos, c\u00f3mo funcionan y c\u00f3mo se alimentan las t\u00e9cnicas de inteligencia artificial... y lo m\u00e1s importante: c\u00f3mo todo esto influye en tu vida.<\/p>\n<p>Usando para ello m\u00faltiples ejemplos, te ayudaremos a entender por qu\u00e9 esta tecnolog\u00eda es la ma\u015b revolucionaria del siglo XXI y lo est\u00e1 cambiando todo.<\/p>\n<p><strong>Duraci\u00f3n: 15 horas<\/strong><\/p>\n<p><span style=\"line-height: 1.5;\">[\/su_tab]<\/span><\/p>\n<p><strong>[su_tab title=\"Metodolog\u00eda\"]<\/strong><\/p>\n<ul>\n<li>El desarrollo de este curso es 100% online a trav\u00e9s de esta misma plataforma.<\/li>\n<li>Tras inscribirte, recibir\u00e1s las claves de acceso en tu correo electr\u00f3nico el d\u00eda antes de empezar el curso o cursos en los que te hayas inscrito. Revisa la carpeta de correo no deseado o Spam por si el mensaje se colocara ah\u00ed. Debes sacarlo y llevarlo a la bandeja de entrada.<\/li>\n<li>La metodolog\u00eda y criterios de evaluaci\u00f3n est\u00e1n en la Gu\u00eda del alumnado de este curso. L\u00e9ela antes de inscribirte en la formaci\u00f3n.<\/li>\n<\/ul>\n<p>[\/su_tab]<\/p>\n<p><strong> [su_tab title=\"Programa\"]<\/strong><\/p>\n<p><strong>Unidad 1.<\/strong> Introducci\u00f3n, aproximaci\u00f3n y conceptos clave<\/p>\n<ul>\n<li>Introducci\u00f3n<\/li>\n<li>Aproximaci\u00f3n a una definici\u00f3n de inteligencia artificial (IA)<\/li>\n<li>Inteligencia artificial en Europa y en Espa\u00f1a. Reglamentos y regulaci\u00f3n.<\/li>\n<li>Resumen final<\/li>\n<\/ul>\n<p><strong>Unidad 2.<\/strong> Datos<\/p>\n<ul>\n<li>Los datos: El alimento de la inteligencia artificial<\/li>\n<li>Tipolog\u00eda de datos<\/li>\n<li>\u00bfC\u00f3mo se recogen los datos y para qu\u00e9 se usan? Ejemplos.<\/li>\n<\/ul>\n<p><strong>Unidad 3.<\/strong> La \u201cf\u00f3rmula\u201d de la inteligencia artificial<\/p>\n<ul>\n<li>Algoritmos<\/li>\n<li>Aprendizaje autom\u00e1tico. Algoritmos, datos y...<\/li>\n<li>Un ejemplo de aprendizaje autom\u00e1tico<\/li>\n<li>Entonces\u2026 \u00bfQu\u00e9 es y d\u00f3nde est\u00e1 la IA?<\/li>\n<\/ul>\n<p><strong>Unidad 4.<\/strong> Implicaciones de la IA en la sociedad<\/p>\n<ul>\n<li>\u00bfC\u00f3mo las t\u00e9cnicas de IA mejoran la vida de las personas?<\/li>\n<li>Empleabilidad, aprendizaje autom\u00e1tico e inteligencia artificial<\/li>\n<li>Aspectos negativos de la inteligencia artificial<\/li>\n<li>Inteligencia artificial y videos falsos o deepfakes: \u00bfQu\u00e9 es real?<\/li>\n<li>\u00c9tica y retos<\/li>\n<\/ul>\n<p><strong>Unidad 5.<\/strong> Experimenta<\/p>\n<ul>\n<li>Herramientas para entender c\u00f3mo funciona la inteligencia artificial<\/li>\n<li>Otras aplicaciones que utilizan inteligencia artificial<\/li>\n<\/ul>\n<p><strong>Unidad 6.<\/strong> \u00bfQuieres saber m\u00e1s?<\/p>\n<ul>\n<li>Documentaci\u00f3n y contenido de apoyo<\/li>\n<li>Somos La Sociedad de la Inteligencia Artificial (Somos SIA)<\/li>\n<li>Recursos para formaci\u00f3n complementaria<\/li>\n<li>Otros recursos<\/li>\n<\/ul>\n<p>[\/su_tab]<\/p>\n<p><strong>[su_tab title=\"Destinatarios y requisitos\"]<\/strong><\/p>\n<p><strong>Destinatarios:<\/strong>  Personas residentes en Extremadura mayores de 16 a\u00f1os.<br \/>\n<strong>Requisitos para hacer el curso:<\/strong><\/p>\n<ul>\n<li>Disponer de un correo electr\u00f3nico activo, acceso a Internet y competencias digitales nivel b\u00e1sico (saber navegar y realizar b\u00fasquedas por Internet, enviar correos electr\u00f3nicos, redactar documentos b\u00e1sicos, acceder a herramientas de videoconferencia como Zoom\u2026)<\/li>\n<li>Si necesitas apoyo, puedes acudir a cualquiera de nuestros Centros (NCC)<\/li>\n<li>Se utilizar\u00e1 para esta formaci\u00f3n el navegador web Mozilla Firefox o Google Chrome.<\/li>\n<li>Instala un lector .pdf para visualizar documentos.<\/li>\n<li>Micr\u00f3fono y altavoces o auriculares y, preferentemente, webcam para participar en los seminarios online.<\/li>\n<\/ul>\n<p>[\/su_tab]<\/p>\n<p><strong>[su_tab title=\"Ficha del curso\"]<\/strong><\/p>\n<figure id=\"attachment_1105\" aria-describedby=\"caption-attachment-1105\" style=\"width: 150px\" class=\"wp-caption aligncenter\"><a href=\"https:\/\/formaciononline.espaciosdigitalex.org\/web\/wp-content\/uploads\/2021\/08\/Guia_alumnado_IA_Aula_virtual_2021.pdf\"><img decoding=\"async\" class=\"wp-image-1105 size-thumbnail\" src=\"https:\/\/formaciononline.espaciosdigitalex.org\/web\/wp-content\/uploads\/2021\/08\/Ficha__IA_Aula_virtual_2021.png\" alt=\"Ficha del curso\" width=\"150\" height=\"150\" \/><\/a><figcaption id=\"caption-attachment-1105\" class=\"wp-caption-text\">Descargar ficha del curso<\/figcaption><\/figure>\n<p>[\/su_tab]<\/p>\n<p><strong>[su_tab title=\"Inscripci\u00f3n y desarrollo\"]<\/strong><\/p>\n<p style=\"text-align: center;\"><strong>Inscripciones: del 9 al 27 de septiembre<\/strong><\/p>\n<p style=\"text-align: center;\"><strong>Desarrollo del curso: del 6 de octubre al 10 de noviembre<br \/>\n<\/strong><\/p>\n<h3 style=\"text-align: center; color: red;\"><strong>Inscripciones cerradas<\/strong><\/h3>\n<p><!--\n\n\n<div style=\"text-align: center; margin-top: 50px; margin-bottom: 50px;\">\n[su_button style=\"flat\" url=\"https:\/\/formaciononline.espaciosdigitalex.org\/web\/inscripcion?id_curso=22&amp;curso=Inteligencia artificial desde cero: entiende c\u00f3mo funciona y c\u00f3mo te afecta\" background=\"#8CC63F\" size=\"12\" icon=\"icon: check\"]Inscribirme[\/su_button]\n\n\n<div style=\"text-align: center; margin-top: 50px; margin-bottom: 50px;\">\n--><\/p>\n<p><!-- [su_button style=\"flat\" url=\"interesados?id=22\" background=\"black\" size=\"12\" icon=\"icon: check\"]Quiero recibir informaci\u00f3n sobre la pr\u00f3xima convocatoria[\/su_button] --><\/p>\n<p>[\/su_tab]<\/p>\n<p>[\/su_tabs]<\/p>\n<\/div>\n<\/div>\n<\/div>\n<\/div><\/div><\/div><\/div><\/div><\/div>","protected":false},"excerpt":{"rendered":"<p>[su_tabs] [su_tab title=\u00bbIntroducci\u00f3n\u00bb] La inteligencia artificial est\u00e1 cada vez m\u00e1s presente en nuestras vidas, nos demos cuenta o no. Esto afecta a todos los \u00e1mbitos de la vida: personal, social, profesional&#8230; \u00bfQuieres saber c\u00f3mo? En este curso descubrir\u00e1s, desde cero y sin necesidad de conocimientos t\u00e9cnicos, c\u00f3mo funcionan y c\u00f3mo se alimentan las t\u00e9cnicas de [&hellip;]<\/p>\n","protected":false},"author":3,"featured_media":0,"parent":0,"menu_order":0,"comment_status":"closed","ping_status":"open","template":"","meta":{"site-sidebar-layout":"default","site-content-layout":"","ast-site-content-layout":"default","site-content-style":"default","site-sidebar-style":"default","ast-global-header-display":"","ast-banner-title-visibility":"","ast-main-header-display":"","ast-hfb-above-header-display":"","ast-hfb-below-header-display":"","ast-hfb-mobile-header-display":"","site-post-title":"","ast-breadcrumbs-content":"","ast-featured-img":"","footer-sml-layout":"","ast-disable-related-posts":"","theme-transparent-header-meta":"","adv-header-id-meta":"","stick-header-meta":"","header-above-stick-meta":"","header-main-stick-meta":"","header-below-stick-meta":"","astra-migrate-meta-layouts":"default","ast-page-background-enabled":"default","ast-page-background-meta":{"desktop":{"background-color":"","background-image":"","background-repeat":"repeat","background-position":"center center","background-size":"auto","background-attachment":"scroll","background-type":"","background-media":"","overlay-type":"","overlay-color":"","overlay-opacity":"","overlay-gradient":""},"tablet":{"background-color":"","background-image":"","background-repeat":"repeat","background-position":"center center","background-size":"auto","background-attachment":"scroll","background-type":"","background-media":"","overlay-type":"","overlay-color":"","overlay-opacity":"","overlay-gradient":""},"mobile":{"background-color":"","background-image":"","background-repeat":"repeat","background-position":"center center","background-size":"auto","background-attachment":"scroll","background-type":"","background-media":"","overlay-type":"","overlay-color":"","overlay-opacity":"","overlay-gradient":""}},"ast-content-background-meta":{"desktop":{"background-color":"var(--ast-global-color-5)","background-image":"","background-repeat":"repeat","background-position":"center center","background-size":"auto","background-attachment":"scroll","background-type":"","background-media":"","overlay-type":"","overlay-color":"","overlay-opacity":"","overlay-gradient":""},"tablet":{"background-color":"var(--ast-global-color-5)","background-image":"","background-repeat":"repeat","background-position":"center center","background-size":"auto","background-attachment":"scroll","background-type":"","background-media":"","overlay-type":"","overlay-color":"","overlay-opacity":"","overlay-gradient":""},"mobile":{"background-color":"var(--ast-global-color-5)","background-image":"","background-repeat":"repeat","background-position":"center center","background-size":"auto","background-attachment":"scroll","background-type":"","background-media":"","overlay-type":"","overlay-color":"","overlay-opacity":"","overlay-gradient":""}},"slim_seo":{"title":"Inteligencia artificial desde cero: entiende c\u00f3mo funciona y c\u00f3mo te afecta - Formaci\u00f3n Online","description":"[su_tabs] [su_tab title=\"Introducci\u00f3n\"] La inteligencia artificial est\u00e1 cada vez m\u00e1s presente en nuestras vidas, nos demos cuenta o no. Esto afecta a todos los"},"footnotes":""},"class_list":["post-1510","page","type-page","status-publish","hentry"],"_links":{"self":[{"href":"https:\/\/formaciononline.espaciosdigitalex.org\/web\/wp-json\/wp\/v2\/pages\/1510","targetHints":{"allow":["GET"]}}],"collection":[{"href":"https:\/\/formaciononline.espaciosdigitalex.org\/web\/wp-json\/wp\/v2\/pages"}],"about":[{"href":"https:\/\/formaciononline.espaciosdigitalex.org\/web\/wp-json\/wp\/v2\/types\/page"}],"author":[{"embeddable":true,"href":"https:\/\/formaciononline.espaciosdigitalex.org\/web\/wp-json\/wp\/v2\/users\/3"}],"replies":[{"embeddable":true,"href":"https:\/\/formaciononline.espaciosdigitalex.org\/web\/wp-json\/wp\/v2\/comments?post=1510"}],"version-history":[{"count":10,"href":"https:\/\/formaciononline.espaciosdigitalex.org\/web\/wp-json\/wp\/v2\/pages\/1510\/revisions"}],"predecessor-version":[{"id":1562,"href":"https:\/\/formaciononline.espaciosdigitalex.org\/web\/wp-json\/wp\/v2\/pages\/1510\/revisions\/1562"}],"wp:attachment":[{"href":"https:\/\/formaciononline.espaciosdigitalex.org\/web\/wp-json\/wp\/v2\/media?parent=1510"}],"curies":[{"name":"wp","href":"https:\/\/api.w.org\/{rel}","templated":true}]}}