{"id":146,"date":"2016-04-04T08:08:34","date_gmt":"2016-04-04T08:08:34","guid":{"rendered":"http:\/\/formaciononline.nccextremadura.org\/web\/?page_id=146"},"modified":"2024-09-25T08:51:48","modified_gmt":"2024-09-25T08:51:48","slug":"inscripcion","status":"publish","type":"page","link":"https:\/\/formaciononline.espaciosdigitalex.org\/web\/inscripcion\/","title":{"rendered":"Inscripci\u00f3n"},"content":{"rendered":"\t\t<div data-elementor-type=\"wp-page\" data-elementor-id=\"146\" class=\"elementor elementor-146\">\n\t\t\t\t\t\t<section class=\"elementor-section elementor-top-section elementor-element elementor-element-b330213 elementor-section-full_width elementor-section-height-default elementor-section-height-default\" data-id=\"b330213\" data-element_type=\"section\" data-e-type=\"section\">\n\t\t\t\t\t\t<div class=\"elementor-container elementor-column-gap-no\">\n\t\t\t\t\t<div class=\"elementor-column elementor-col-100 elementor-top-column elementor-element elementor-element-822be47\" data-id=\"822be47\" data-element_type=\"column\" data-e-type=\"column\">\n\t\t\t<div class=\"elementor-widget-wrap elementor-element-populated\">\n\t\t\t\t\t\t<div class=\"elementor-element elementor-element-b955f7e elementor-widget elementor-widget-image\" data-id=\"b955f7e\" data-element_type=\"widget\" data-e-type=\"widget\" data-widget_type=\"image.default\">\n\t\t\t\t<div class=\"elementor-widget-container\">\n\t\t\t\t\t\t\t\t\t\t\t\t\t\t\t<img fetchpriority=\"high\" decoding=\"async\" width=\"2341\" height=\"581\" src=\"https:\/\/formaciononline.espaciosdigitalex.org\/web\/wp-content\/uploads\/2024\/09\/fonl_AV.png\" class=\"attachment-full size-full wp-image-2347\" alt=\"Fonl AV\" srcset=\"https:\/\/formaciononline.espaciosdigitalex.org\/web\/wp-content\/uploads\/2024\/09\/fonl_AV.png 2341w, https:\/\/formaciononline.espaciosdigitalex.org\/web\/wp-content\/uploads\/2024\/09\/fonl_AV-300x74.png 300w, https:\/\/formaciononline.espaciosdigitalex.org\/web\/wp-content\/uploads\/2024\/09\/fonl_AV-1024x254.png 1024w, https:\/\/formaciononline.espaciosdigitalex.org\/web\/wp-content\/uploads\/2024\/09\/fonl_AV-768x191.png 768w, https:\/\/formaciononline.espaciosdigitalex.org\/web\/wp-content\/uploads\/2024\/09\/fonl_AV-1536x381.png 1536w, https:\/\/formaciononline.espaciosdigitalex.org\/web\/wp-content\/uploads\/2024\/09\/fonl_AV-2048x508.png 2048w\" sizes=\"(max-width: 2341px) 100vw, 2341px\" \/>\t\t\t\t\t\t\t\t\t\t\t\t\t\t\t<\/div>\n\t\t\t\t<\/div>\n\t\t\t\t\t<\/div>\n\t\t<\/div>\n\t\t\t\t\t<\/div>\n\t\t<\/section>\n\t\t\t\t<section class=\"elementor-section elementor-top-section elementor-element elementor-element-64a3db72 elementor-section-boxed elementor-section-height-default elementor-section-height-default\" data-id=\"64a3db72\" data-element_type=\"section\" data-e-type=\"section\">\n\t\t\t\t\t\t<div class=\"elementor-container elementor-column-gap-default\">\n\t\t\t\t\t<div class=\"elementor-column elementor-col-100 elementor-top-column elementor-element elementor-element-729a96ee\" data-id=\"729a96ee\" data-element_type=\"column\" data-e-type=\"column\">\n\t\t\t<div class=\"elementor-widget-wrap elementor-element-populated\">\n\t\t\t\t\t\t<div class=\"elementor-element elementor-element-5949feb0 elementor-widget elementor-widget-text-editor\" data-id=\"5949feb0\" data-element_type=\"widget\" data-e-type=\"widget\" data-widget_type=\"text-editor.default\">\n\t\t\t\t<div class=\"elementor-widget-container\">\n\t\t\t\t\t\t\t\t\t<h3 style=\"text-align: center;\">Realiza tu inscripci\u00f3n<\/h3>\n\n<hr \/>\n\n<script>\nfunction resizeIframe(e) {\nvar h = e.contentWindow.document.body.scrollHeight;\ne.height = h;\n}\n<\/script>\n\n<iframe id=\"inscripciones\" src=\"https:\/\/formaciononline.espaciosdigitalex.org\/inscripcioneswp\/inscripcion-generalwp.php\" name=\"inscripciones\" width=\"100%\" height=\"1300px\" frameborder=\"0\" marginwidth=\"2\" marginheight=\"4\" scrolling=\"no\" align=\"center\"><span style=\"display: inline-block; width: 0px; overflow: hidden; line-height: 0;\" data-mce-type=\"bookmark\" class=\"mce_SELRES_start\">\ufeff<\/span>Tu navegador no soporta frames!!<\/iframe>\t\t\t\t\t\t\t\t<\/div>\n\t\t\t\t<\/div>\n\t\t\t\t\t<\/div>\n\t\t<\/div>\n\t\t\t\t\t<\/div>\n\t\t<\/section>\n\t\t\t\t<\/div>\n\t\t","protected":false},"excerpt":{"rendered":"<p>Realiza tu inscripci\u00f3n \ufeffTu navegador no soporta frames!!<\/p>\n","protected":false},"author":3,"featured_media":0,"parent":0,"menu_order":0,"comment_status":"closed","ping_status":"open","template":"","meta":{"site-sidebar-layout":"default","site-content-layout":"","ast-site-content-layout":"default","site-content-style":"default","site-sidebar-style":"default","ast-global-header-display":"","ast-banner-title-visibility":"","ast-main-header-display":"","ast-hfb-above-header-display":"","ast-hfb-below-header-display":"","ast-hfb-mobile-header-display":"","site-post-title":"","ast-breadcrumbs-content":"","ast-featured-img":"","footer-sml-layout":"","ast-disable-related-posts":"","theme-transparent-header-meta":"","adv-header-id-meta":"","stick-header-meta":"","header-above-stick-meta":"","header-main-stick-meta":"","header-below-stick-meta":"","astra-migrate-meta-layouts":"default","ast-page-background-enabled":"default","ast-page-background-meta":{"desktop":{"background-color":"","background-image":"","background-repeat":"repeat","background-position":"center center","background-size":"auto","background-attachment":"scroll","background-type":"","background-media":"","overlay-type":"","overlay-color":"","overlay-opacity":"","overlay-gradient":""},"tablet":{"background-color":"","background-image":"","background-repeat":"repeat","background-position":"center center","background-size":"auto","background-attachment":"scroll","background-type":"","background-media":"","overlay-type":"","overlay-color":"","overlay-opacity":"","overlay-gradient":""},"mobile":{"background-color":"","background-image":"","background-repeat":"repeat","background-position":"center center","background-size":"auto","background-attachment":"scroll","background-type":"","background-media":"","overlay-type":"","overlay-color":"","overlay-opacity":"","overlay-gradient":""}},"ast-content-background-meta":{"desktop":{"background-color":"var(--ast-global-color-5)","background-image":"","background-repeat":"repeat","background-position":"center center","background-size":"auto","background-attachment":"scroll","background-type":"","background-media":"","overlay-type":"","overlay-color":"","overlay-opacity":"","overlay-gradient":""},"tablet":{"background-color":"var(--ast-global-color-5)","background-image":"","background-repeat":"repeat","background-position":"center center","background-size":"auto","background-attachment":"scroll","background-type":"","background-media":"","overlay-type":"","overlay-color":"","overlay-opacity":"","overlay-gradient":""},"mobile":{"background-color":"var(--ast-global-color-5)","background-image":"","background-repeat":"repeat","background-position":"center center","background-size":"auto","background-attachment":"scroll","background-type":"","background-media":"","overlay-type":"","overlay-color":"","overlay-opacity":"","overlay-gradient":""}},"slim_seo":{"title":"Inscripci\u00f3n - Formaci\u00f3n Online","description":"Realiza tu inscripci\u00f3n \ufeffTu navegador no soporta frames!!"},"footnotes":""},"class_list":["post-146","page","type-page","status-publish","hentry"],"_links":{"self":[{"href":"https:\/\/formaciononline.espaciosdigitalex.org\/web\/wp-json\/wp\/v2\/pages\/146","targetHints":{"allow":["GET"]}}],"collection":[{"href":"https:\/\/formaciononline.espaciosdigitalex.org\/web\/wp-json\/wp\/v2\/pages"}],"about":[{"href":"https:\/\/formaciononline.espaciosdigitalex.org\/web\/wp-json\/wp\/v2\/types\/page"}],"author":[{"embeddable":true,"href":"https:\/\/formaciononline.espaciosdigitalex.org\/web\/wp-json\/wp\/v2\/users\/3"}],"replies":[{"embeddable":true,"href":"https:\/\/formaciononline.espaciosdigitalex.org\/web\/wp-json\/wp\/v2\/comments?post=146"}],"version-history":[{"count":58,"href":"https:\/\/formaciononline.espaciosdigitalex.org\/web\/wp-json\/wp\/v2\/pages\/146\/revisions"}],"predecessor-version":[{"id":2478,"href":"https:\/\/formaciononline.espaciosdigitalex.org\/web\/wp-json\/wp\/v2\/pages\/146\/revisions\/2478"}],"wp:attachment":[{"href":"https:\/\/formaciononline.espaciosdigitalex.org\/web\/wp-json\/wp\/v2\/media?parent=146"}],"curies":[{"name":"wp","href":"https:\/\/api.w.org\/{rel}","templated":true}]}}